{"id":200,"date":"2012-12-29T23:16:51","date_gmt":"2012-12-29T23:16:51","guid":{"rendered":"http:\/\/fannymalmborg.se\/?page_id=200"},"modified":"2018-02-26T14:13:37","modified_gmt":"2018-02-26T14:13:37","slug":"tavlingar","status":"publish","type":"page","link":"https:\/\/fannymalmborg.se\/?page_id=200","title":{"rendered":"Kalendarie"},"content":{"rendered":"<div class=\"fcbkbttn_buttons_block\" id=\"fcbkbttn_left\"><div class=\"fcbkbttn_button\">\n\t\t\t\t\t<a href=\"https:\/\/www.facebook.com\/\" target=\"_blank\">\n\t\t\t\t\t\t<img decoding=\"async\" src=\"https:\/\/fannymalmborg.se\/wp-content\/plugins\/facebook-button-plugin\/images\/standard-facebook-ico.png\" alt=\"Fb-Button\" \/>\n\t\t\t\t\t<\/a>\n\t\t\t\t<\/div><div class=\"fcbkbttn_like \"><fb:like href=\"https:\/\/fannymalmborg.se\/?page_id=200\" action=\"like\" colorscheme=\"light\" layout=\"button_count\"  size=\"small\"><\/fb:like><\/div><\/div><p><strong>T\u00e4vlingar och l\u00e4ger 2018<\/strong><\/p>\n<p>\u00c4r f\u00f6rhoppningsvis tillbaka p\u00e5 mattan till h\u00f6sten. Kalendariet kommer uppdateras n\u00e4r jag vet mer exakt vad som kommer ske.<\/p>\n<p><a href=\"http:\/\/fannymalmborg.se\/?attachment_id=1358\" rel=\"attachment wp-att-1358\"><img loading=\"lazy\" decoding=\"async\" class=\"alignnone size-medium wp-image-1358\" alt=\"11\" src=\"http:\/\/fannymalmborg.se\/wp-content\/uploads\/2016\/08\/11-300x168.jpg\" width=\"300\" height=\"168\" srcset=\"https:\/\/fannymalmborg.se\/wp-content\/uploads\/2016\/08\/11-300x168.jpg 300w, https:\/\/fannymalmborg.se\/wp-content\/uploads\/2016\/08\/11-800x449.jpg 800w\" sizes=\"auto, (max-width: 300px) 100vw, 300px\" \/><\/a><\/p>\n","protected":false},"excerpt":{"rendered":"<p>T\u00e4vlingar och l\u00e4ger 2018 \u00c4r f\u00f6rhoppningsvis tillbaka p\u00e5 mattan till h\u00f6sten. Kalendariet kommer uppdateras n\u00e4r jag vet mer exakt vad som kommer ske.<\/p>\n","protected":false},"author":2,"featured_media":0,"parent":126,"menu_order":0,"comment_status":"closed","ping_status":"closed","template":"","meta":{"footnotes":""},"class_list":["post-200","page","type-page","status-publish","hentry"],"_links":{"self":[{"href":"https:\/\/fannymalmborg.se\/index.php?rest_route=\/wp\/v2\/pages\/200","targetHints":{"allow":["GET"]}}],"collection":[{"href":"https:\/\/fannymalmborg.se\/index.php?rest_route=\/wp\/v2\/pages"}],"about":[{"href":"https:\/\/fannymalmborg.se\/index.php?rest_route=\/wp\/v2\/types\/page"}],"author":[{"embeddable":true,"href":"https:\/\/fannymalmborg.se\/index.php?rest_route=\/wp\/v2\/users\/2"}],"replies":[{"embeddable":true,"href":"https:\/\/fannymalmborg.se\/index.php?rest_route=%2Fwp%2Fv2%2Fcomments&post=200"}],"version-history":[{"count":36,"href":"https:\/\/fannymalmborg.se\/index.php?rest_route=\/wp\/v2\/pages\/200\/revisions"}],"predecessor-version":[{"id":1500,"href":"https:\/\/fannymalmborg.se\/index.php?rest_route=\/wp\/v2\/pages\/200\/revisions\/1500"}],"up":[{"embeddable":true,"href":"https:\/\/fannymalmborg.se\/index.php?rest_route=\/wp\/v2\/pages\/126"}],"wp:attachment":[{"href":"https:\/\/fannymalmborg.se\/index.php?rest_route=%2Fwp%2Fv2%2Fmedia&parent=200"}],"curies":[{"name":"wp","href":"https:\/\/api.w.org\/{rel}","templated":true}]}}