{"id":116,"date":"2012-12-28T23:17:44","date_gmt":"2012-12-28T23:17:44","guid":{"rendered":"http:\/\/fannymalmborg.se\/?page_id=116"},"modified":"2018-02-26T14:19:23","modified_gmt":"2018-02-26T14:19:23","slug":"fanny-text","status":"publish","type":"page","link":"https:\/\/fannymalmborg.se\/","title":{"rendered":"Fanny Malmborg"},"content":{"rendered":"<div class=\"fcbkbttn_buttons_block\" id=\"fcbkbttn_left\"><div class=\"fcbkbttn_button\">\n\t\t\t\t\t<a href=\"https:\/\/www.facebook.com\/\" target=\"_blank\">\n\t\t\t\t\t\t<img decoding=\"async\" src=\"https:\/\/fannymalmborg.se\/wp-content\/plugins\/facebook-button-plugin\/images\/standard-facebook-ico.png\" alt=\"Fb-Button\" \/>\n\t\t\t\t\t<\/a>\n\t\t\t\t<\/div><div class=\"fcbkbttn_like \"><fb:like href=\"https:\/\/fannymalmborg.se\/\" action=\"like\" colorscheme=\"light\" layout=\"button_count\"  size=\"small\"><\/fb:like><\/div><\/div><h5><a href=\"http:\/\/fannymalmborg.se\/?attachment_id=1359\" rel=\"attachment wp-att-1359\"><img loading=\"lazy\" decoding=\"async\" class=\"alignleft size-medium wp-image-1359\" alt=\"14516\" src=\"http:\/\/fannymalmborg.se\/wp-content\/uploads\/2012\/12\/14516-233x300.jpg\" width=\"233\" height=\"300\" srcset=\"https:\/\/fannymalmborg.se\/wp-content\/uploads\/2012\/12\/14516-233x300.jpg 233w, https:\/\/fannymalmborg.se\/wp-content\/uploads\/2012\/12\/14516.jpg 350w\" sizes=\"auto, (max-width: 233px) 100vw, 233px\" \/><\/a><\/h5>\n<h5><strong>\u00a0<\/strong><\/h5>\n<h5><strong>Namn:<\/strong> Fanny Malmborg<\/h5>\n<h5><strong>F\u00f6dd:<\/strong> 13 juli 1993<br \/>\n<strong>Sport:<\/strong> Judo<br \/>\n<strong>Viktklass:<\/strong> -57kg<br \/>\n<strong>Klubb:<\/strong> Staffanstorps judoklubb<br \/>\n<strong>Tr\u00e4nare:<\/strong> Martin Andr\u00e9ason och Jennie Andr\u00e9ason<br \/>\n<strong><br \/>\n<\/strong><\/h5>\n<p>&nbsp;<\/p>\n<h5><strong><em>\u201d Var dig sj\u00e4lv, alla andra finns redan!\u201d<\/em><\/strong><\/h5>\n<p>&nbsp;<\/p>\n<p>&nbsp;<\/p>\n<p>Jag \u00e4r\u00a0en glad och sprallig tjej fr\u00e5n en liten by nere i Sk\u00e5ne, Staffanstorp, som l\u00e4rde mig springa innan jag kunde g\u00e5, handvolt f\u00f6re hjulning och har tr\u00e4nat hela mitt liv. Fr\u00e5n babysim till nuvarande elitsatsning i judo. Det har varit en l\u00e5ng resa fram tills idag, och jag \u00e4r medveten om att resan \u00e4n inte har n\u00e5tt sin destination. Men jag njuter av f\u00e4rden och ser framemot n\u00e4sta utmaning.<\/p>\n<p>Simningen h\u00f6ll jag p\u00e5 med ett bra tag, n\u00e4rmare best\u00e4mt tills jag var \u00e5tta \u00e5r. Under mina tidigare \u00e5r av barndomen minns jag \u00e4ven att jag h\u00f6ll p\u00e5 med\u00a0n\u00e5gon slags\u00a0gymnastik tills det att jag hade fyllt sex \u00e5r. Under n\u00e5gra korta perioder har\u00a0jag b\u00e5de spelat handboll och innebandy, men s\u00e5 l\u00e4nge jag har tr\u00e4nat judo har det alltid varit nummer ett f\u00f6r mig.<\/p>\n<p>Jag b\u00f6rjade tr\u00e4na judo n\u00e4r jag var 6 \u00e5r gammal. Jag fastnade direkt, det h\u00e4r var n\u00e5got jag ville h\u00e5lla p\u00e5 med. Minns klart och tydligt att pappa fr\u00e5gade mig om jag verkligen ville forts\u00e4tta tr\u00e4na judo n\u00e4r det blev dags att k\u00f6pa min f\u00f6rsta judodr\u00e4kt. En fr\u00e5ga som inte beh\u00f6vde l\u00e5ng bet\u00e4nketid \u2013 jag hade best\u00e4mt mig redan innan den st\u00e4lldes.<\/p>\n<p>Jag stod ofta p\u00e5 prispallen, jag har m\u00e5nga brons och silvermedaljer i min samling fr\u00e5n mina f\u00f6rsta \u00e5r som judoka. Men mitt f\u00f6rsta guld kom inte f\u00f6rr\u00e4n 2004, 9 \u00e5r gammal, n\u00e4r vi var i Polen med klubben. Sedan dess har det blivit m\u00e5nga fler under \u00e5rens g\u00e5ng.<\/p>\n<p>Jag kom med i ungdomslandslaget till v\u00e5ren 2009 och 2013 gjorde jag mitt sista \u00e5r som A-kandidat i Juniorlandsaget. 2014 tog jag klivet upp i seniorv\u00e4rlden, tyv\u00e4rr drog jag p\u00e5 mig en korsbandsskada i januari -14 som blev v\u00e4ldigt l\u00e5ngdragen och det var f\u00f6rst h\u00f6sten 2015 som jag \u00e5ter stod p\u00e5 mattan igen. Dessv\u00e4rre var olyckan framme redan i januari \u00e5ret efter (2016) och precis innan jag var klar med min rehabilitering (november -16) insjuknade jag i akut leukemi (Blodcancer). Fick min sista kur med cellgifter i Mars 2017 och fick sedan ett \u00e5terfall i Juli 2017. Genomf\u00f6rde en stamcellstransplantation i September 2017 och sedan dess har jag k\u00e4mpat f\u00f6r att ta mig tillbaka dit jag en g\u00e5ng var och s\u00e5 sm\u00e5ningom \u00e4ven f\u00f6rbi det.<\/p>\n<p>N\u00e4r jag inte har judodr\u00e4kten p\u00e5 mig s\u00e5 studerar jag till ekonom vid BTH i Karlskrona. Mina studier \u00e4r p\u00e5 distans vilket g\u00f6r att jag l\u00e4tt kan packa ner dem i resv\u00e4skan och d\u00e4rmed inte beh\u00f6ver v\u00e4lja bort n\u00e5gonting f\u00f6r att kunna satsa helhj\u00e4rtat p\u00e5 min dr\u00f6m om att ta mig till ett OS. Det har \u00e4ven underl\u00e4ttat f\u00f6r mig med mina skador och sjukdom att ha n\u00e5got annat att t\u00e4nka p\u00e5.<\/p>\n","protected":false},"excerpt":{"rendered":"<p>\u00a0 Namn: Fanny Malmborg F\u00f6dd: 13 juli 1993 Sport: Judo Viktklass: -57kg Klubb: Staffanstorps judoklubb Tr\u00e4nare: Martin Andr\u00e9ason och Jennie Andr\u00e9ason &nbsp; \u201d Var dig sj\u00e4lv, alla andra finns redan!\u201d &nbsp; &nbsp; Jag \u00e4r\u00a0en glad och sprallig tjej fr\u00e5n en liten by nere i Sk\u00e5ne, Staffanstorp, som l\u00e4rde mig springa innan jag kunde g\u00e5, handvolt &hellip; <a href=\"https:\/\/fannymalmborg.se\/\" class=\"more-link\">Continue reading <span class=\"screen-reader-text\">Fanny Malmborg<\/span> <span class=\"meta-nav\">&rarr;<\/span><\/a><\/p>\n","protected":false},"author":2,"featured_media":0,"parent":0,"menu_order":0,"comment_status":"closed","ping_status":"closed","template":"","meta":{"footnotes":""},"class_list":["post-116","page","type-page","status-publish","hentry"],"_links":{"self":[{"href":"https:\/\/fannymalmborg.se\/index.php?rest_route=\/wp\/v2\/pages\/116","targetHints":{"allow":["GET"]}}],"collection":[{"href":"https:\/\/fannymalmborg.se\/index.php?rest_route=\/wp\/v2\/pages"}],"about":[{"href":"https:\/\/fannymalmborg.se\/index.php?rest_route=\/wp\/v2\/types\/page"}],"author":[{"embeddable":true,"href":"https:\/\/fannymalmborg.se\/index.php?rest_route=\/wp\/v2\/users\/2"}],"replies":[{"embeddable":true,"href":"https:\/\/fannymalmborg.se\/index.php?rest_route=%2Fwp%2Fv2%2Fcomments&post=116"}],"version-history":[{"count":72,"href":"https:\/\/fannymalmborg.se\/index.php?rest_route=\/wp\/v2\/pages\/116\/revisions"}],"predecessor-version":[{"id":1501,"href":"https:\/\/fannymalmborg.se\/index.php?rest_route=\/wp\/v2\/pages\/116\/revisions\/1501"}],"wp:attachment":[{"href":"https:\/\/fannymalmborg.se\/index.php?rest_route=%2Fwp%2Fv2%2Fmedia&parent=116"}],"curies":[{"name":"wp","href":"https:\/\/api.w.org\/{rel}","templated":true}]}}